{"id":130,"date":"2019-03-06T15:19:55","date_gmt":"2019-03-06T18:19:55","guid":{"rendered":"https:\/\/demosites.io\/shop\/?page_id=130"},"modified":"2023-03-03T10:49:52","modified_gmt":"2023-03-03T13:49:52","slug":"contato","status":"publish","type":"page","link":"https:\/\/ecomparabrisas.com.br\/?page_id=130","title":{"rendered":"Fale Conosco"},"content":{"rendered":"\t\t<div data-elementor-type=\"wp-post\" data-elementor-id=\"130\" class=\"elementor elementor-130\">\n\t\t\t\t\t\t<section class=\"elementor-section elementor-top-section elementor-element elementor-element-0117c08 elementor-section-boxed elementor-section-height-default elementor-section-height-default\" data-id=\"0117c08\" data-element_type=\"section\" data-e-type=\"section\">\n\t\t\t\t\t\t<div class=\"elementor-container elementor-column-gap-default\">\n\t\t\t\t\t<div class=\"elementor-column elementor-col-100 elementor-top-column elementor-element elementor-element-167e715\" data-id=\"167e715\" data-element_type=\"column\" data-e-type=\"column\">\n\t\t\t<div class=\"elementor-widget-wrap elementor-element-populated\">\n\t\t\t\t\t\t<div class=\"elementor-element elementor-element-ae14014 elementor-widget elementor-widget-text-editor\" data-id=\"ae14014\" data-element_type=\"widget\" data-e-type=\"widget\" data-widget_type=\"text-editor.default\">\n\t\t\t\t<div class=\"elementor-widget-container\">\n\t\t\t\t\t\t\t\t\t<h1><em><span style=\"vertical-align: inherit;\"><span style=\"vertical-align: inherit;\">OR\u00c7AMENTOS OU D\u00daVIDAS:<\/span><\/span><\/em><\/h1>\t\t\t\t\t\t\t\t<\/div>\n\t\t\t\t<\/div>\n\t\t\t\t\t<\/div>\n\t\t<\/div>\n\t\t\t\t\t<\/div>\n\t\t<\/section>\n\t\t\t\t<section class=\"elementor-section elementor-top-section elementor-element elementor-element-d4e1828 elementor-section-boxed elementor-section-height-default elementor-section-height-default\" data-id=\"d4e1828\" data-element_type=\"section\" data-e-type=\"section\">\n\t\t\t\t\t\t<div class=\"elementor-container elementor-column-gap-extended\">\n\t\t\t\t\t<div class=\"elementor-column elementor-col-50 elementor-top-column elementor-element elementor-element-6c0b8c0\" data-id=\"6c0b8c0\" data-element_type=\"column\" data-e-type=\"column\">\n\t\t\t<div class=\"elementor-widget-wrap elementor-element-populated\">\n\t\t\t\t\t\t<div class=\"elementor-element elementor-element-2eb19bb elementor-widget elementor-widget-content_form_contact\" data-id=\"2eb19bb\" data-element_type=\"widget\" data-e-type=\"widget\" data-widget_type=\"content_form_contact.default\">\n\t\t\t\t<div class=\"elementor-widget-container\">\n\t\t\t\t\t<form action=\"https:\/\/ecomparabrisas.com.br\/wp-admin\/admin-post.php\" method=\"post\" name=\"content-form-2eb19bb\" id=\"content-form-2eb19bb\" class=\"ti-cf-module content-form content-form-contact content_form_contact\"><input type=\"hidden\" id=\"_wpnonce_contact\" name=\"_wpnonce_contact\" value=\"6cf9777d44\" \/><input type=\"hidden\" name=\"_wp_http_referer\" value=\"\/index.php?rest_route=%2Fwp%2Fv2%2Fpages%2F130\" \/><input type=\"hidden\" name=\"action\" value=\"content_form_submit\" \/><input type=\"hidden\" name=\"form-type\" value=\"contact\" \/><input type=\"hidden\" name=\"form-builder\" value=\"elementor\" \/><input type=\"hidden\" name=\"post-id\" value=\"130\" \/><input type=\"hidden\" name=\"form-id\" value=\"2eb19bb\" \/><fieldset class=\"content-form-field-text elementor-column elementor-col-100\"><label for=\"data[2eb19bb][name]\" >Nome e Sobrenome<span class=\"required-mark\"> *<\/span><\/label><input type=\"text\" name=\"data[2eb19bb][name]\" id=\"data[2eb19bb][name]\" required=\"required\"  placeholder=\"\"><\/fieldset><fieldset class=\"content-form-field-email elementor-column elementor-col-100\"><label for=\"data[2eb19bb][email]\" >Email<span class=\"required-mark\"> *<\/span><\/label><input type=\"text\" name=\"data[2eb19bb][email]\" id=\"data[2eb19bb][email]\" required=\"required\"  placeholder=\"\"><\/fieldset><fieldset class=\"content-form-field-text elementor-column elementor-col-100\"><label for=\"data[2eb19bb][telefone]\" >Telefone<span class=\"required-mark\"> *<\/span><\/label><input type=\"text\" name=\"data[2eb19bb][telefone]\" id=\"data[2eb19bb][telefone]\" required=\"required\"  placeholder=\"\"><\/fieldset><fieldset class=\"content-form-field-textarea elementor-column elementor-col-100\"><label for=\"data[2eb19bb][message]\" >Mensagem<span class=\"required-mark\"> *<\/span><\/label><textarea name=\"data[2eb19bb][message]\" id=\"data[2eb19bb][message]\"  required=\"required\" placeholder=\"\" cols=\"30\" rows=\"5\"><\/textarea><\/fieldset><fieldset class=\"submit-form contact\"><button type=\"submit\" name=\"submit\"  value=\"submit-contact-2eb19bb\" class=\"\">Enviar<\/button><\/fieldset><\/form>\t\t\t\t<\/div>\n\t\t\t\t<\/div>\n\t\t\t\t\t<\/div>\n\t\t<\/div>\n\t\t\t\t<div class=\"elementor-column elementor-col-50 elementor-top-column elementor-element elementor-element-fee456b\" data-id=\"fee456b\" data-element_type=\"column\" data-e-type=\"column\">\n\t\t\t<div class=\"elementor-widget-wrap elementor-element-populated\">\n\t\t\t\t\t\t<div class=\"elementor-element elementor-element-9995929 elementor-widget-divider--view-line elementor-widget elementor-widget-divider\" data-id=\"9995929\" data-element_type=\"widget\" data-e-type=\"widget\" data-widget_type=\"divider.default\">\n\t\t\t\t<div class=\"elementor-widget-container\">\n\t\t\t\t\t\t\t<div class=\"elementor-divider\">\n\t\t\t<span class=\"elementor-divider-separator\">\n\t\t\t\t\t\t<\/span>\n\t\t<\/div>\n\t\t\t\t\t\t<\/div>\n\t\t\t\t<\/div>\n\t\t\t\t<div class=\"elementor-element elementor-element-aaa1c38 elementor-widget elementor-widget-heading\" data-id=\"aaa1c38\" data-element_type=\"widget\" data-e-type=\"widget\" data-widget_type=\"heading.default\">\n\t\t\t\t<div class=\"elementor-widget-container\">\n\t\t\t\t\t<h3 class=\"elementor-heading-title elementor-size-default\">Acompanhe nossas redes sociais:<\/h3>\t\t\t\t<\/div>\n\t\t\t\t<\/div>\n\t\t\t\t<div class=\"elementor-element elementor-element-4feb6fc elementor-shape-circle e-grid-align-left elementor-grid-0 elementor-widget elementor-widget-social-icons\" data-id=\"4feb6fc\" data-element_type=\"widget\" data-e-type=\"widget\" data-widget_type=\"social-icons.default\">\n\t\t\t\t<div class=\"elementor-widget-container\">\n\t\t\t\t\t\t\t<div class=\"elementor-social-icons-wrapper elementor-grid\" role=\"list\">\n\t\t\t\t\t\t\t<span class=\"elementor-grid-item\" role=\"listitem\">\n\t\t\t\t\t<a class=\"elementor-icon elementor-social-icon elementor-social-icon-facebook-f elementor-repeater-item-baff536\" href=\"https:\/\/www.facebook.com\/E-COM-Parabrisas-104836504825281\/\" target=\"_blank\">\n\t\t\t\t\t\t<span class=\"elementor-screen-only\">Facebook-f<\/span>\n\t\t\t\t\t\t<i aria-hidden=\"true\" class=\"fab fa-facebook-f\"><\/i>\t\t\t\t\t<\/a>\n\t\t\t\t<\/span>\n\t\t\t\t\t\t\t<span class=\"elementor-grid-item\" role=\"listitem\">\n\t\t\t\t\t<a class=\"elementor-icon elementor-social-icon elementor-social-icon-twitter elementor-repeater-item-ff37a61\" target=\"_blank\">\n\t\t\t\t\t\t<span class=\"elementor-screen-only\">Twitter<\/span>\n\t\t\t\t\t\t<i aria-hidden=\"true\" class=\"fab fa-twitter\"><\/i>\t\t\t\t\t<\/a>\n\t\t\t\t<\/span>\n\t\t\t\t\t\t\t<span class=\"elementor-grid-item\" role=\"listitem\">\n\t\t\t\t\t<a class=\"elementor-icon elementor-social-icon elementor-social-icon-google-plus-g elementor-repeater-item-a7f2c5c\" target=\"_blank\">\n\t\t\t\t\t\t<span class=\"elementor-screen-only\">Google-plus-g<\/span>\n\t\t\t\t\t\t<i aria-hidden=\"true\" class=\"fab fa-google-plus-g\"><\/i>\t\t\t\t\t<\/a>\n\t\t\t\t<\/span>\n\t\t\t\t\t<\/div>\n\t\t\t\t\t\t<\/div>\n\t\t\t\t<\/div>\n\t\t\t\t\t<\/div>\n\t\t<\/div>\n\t\t\t\t\t<\/div>\n\t\t<\/section>\n\t\t\t\t<section class=\"elementor-section elementor-top-section elementor-element elementor-element-193e7a3 elementor-section-full_width elementor-section-height-default elementor-section-height-default\" data-id=\"193e7a3\" data-element_type=\"section\" data-e-type=\"section\">\n\t\t\t\t\t\t<div class=\"elementor-container elementor-column-gap-default\">\n\t\t\t\t\t<div class=\"elementor-column elementor-col-100 elementor-top-column elementor-element elementor-element-e58f79d\" data-id=\"e58f79d\" data-element_type=\"column\" data-e-type=\"column\">\n\t\t\t<div class=\"elementor-widget-wrap\">\n\t\t\t\t\t\t\t<\/div>\n\t\t<\/div>\n\t\t\t\t\t<\/div>\n\t\t<\/section>\n\t\t\t\t<section class=\"elementor-section elementor-top-section elementor-element elementor-element-2ec606f elementor-section-boxed elementor-section-height-default elementor-section-height-default\" data-id=\"2ec606f\" data-element_type=\"section\" data-e-type=\"section\">\n\t\t\t\t\t\t<div class=\"elementor-container elementor-column-gap-default\">\n\t\t\t\t\t<div class=\"elementor-column elementor-col-100 elementor-top-column elementor-element elementor-element-d3b5ef5\" data-id=\"d3b5ef5\" data-element_type=\"column\" data-e-type=\"column\">\n\t\t\t<div class=\"elementor-widget-wrap elementor-element-populated\">\n\t\t\t\t\t\t<div class=\"elementor-element elementor-element-a2d0d88 elementor-widget elementor-widget-google_maps\" data-id=\"a2d0d88\" data-element_type=\"widget\" data-e-type=\"widget\" data-widget_type=\"google_maps.default\">\n\t\t\t\t<div class=\"elementor-widget-container\">\n\t\t\t\t\t\t\t<div class=\"elementor-custom-embed\">\n\t\t\t<iframe loading=\"lazy\"\n\t\t\t\t\tsrc=\"https:\/\/maps.google.com\/maps?q=Rua%20Siqueira%20Campos%201956&#038;t=m&#038;z=10&#038;output=embed&#038;iwloc=near\"\n\t\t\t\t\ttitle=\"Rua Siqueira Campos 1956\"\n\t\t\t\t\taria-label=\"Rua Siqueira Campos 1956\"\n\t\t\t><\/iframe>\n\t\t<\/div>\n\t\t\t\t\t\t<\/div>\n\t\t\t\t<\/div>\n\t\t\t\t\t<\/div>\n\t\t<\/div>\n\t\t\t\t\t<\/div>\n\t\t<\/section>\n\t\t\t\t<\/div>\n\t\t","protected":false},"excerpt":{"rendered":"<p>OR\u00c7AMENTOS OU D\u00daVIDAS: Nome e Sobrenome * Email * Telefone * Mensagem * Enviar Acompanhe nossas redes sociais: Facebook-f Twitter Google-plus-g<\/p>\n","protected":false},"author":1,"featured_media":0,"parent":0,"menu_order":0,"comment_status":"closed","ping_status":"closed","template":"page-templates\/template-pagebuilder-full-width.php","meta":{"om_disable_all_campaigns":false,"_monsterinsights_skip_tracking":false,"_monsterinsights_sitenote_active":false,"_monsterinsights_sitenote_note":"","_monsterinsights_sitenote_category":0,"_uf_show_specific_survey":0,"_uf_disable_surveys":false,"neve_meta_sidebar":"","neve_meta_container":"","neve_meta_enable_content_width":"","neve_meta_content_width":70,"neve_meta_title_alignment":"","neve_meta_author_avatar":"","neve_post_elements_order":"","neve_meta_disable_header":"","neve_meta_disable_footer":"","neve_meta_disable_title":"","_themeisle_gutenberg_block_has_review":false,"footnotes":""},"class_list":["post-130","page","type-page","status-publish","hentry"],"aioseo_notices":[],"yoast_head":"<!-- This site is optimized with the Yoast SEO plugin v27.4 - https:\/\/yoast.com\/product\/yoast-seo-wordpress\/ -->\n<title>Fale Conosco -<\/title>\n<meta name=\"description\" content=\"Nossa Equipe Esta a Disposi\u00e7\u00e3o Para Sanar Toda e Qualquer D\u00favida que Surgir. Fale Conosco por Onde Preferir!\" \/>\n<meta name=\"robots\" content=\"index, follow, max-snippet:-1, max-image-preview:large, max-video-preview:-1\" \/>\n<link rel=\"canonical\" href=\"https:\/\/ecomparabrisas.com.br\/?page_id=130\" \/>\n<meta property=\"og:locale\" content=\"pt_BR\" \/>\n<meta property=\"og:type\" content=\"article\" \/>\n<meta property=\"og:title\" content=\"Fale Conosco -\" \/>\n<meta property=\"og:description\" content=\"Nossa Equipe Esta a Disposi\u00e7\u00e3o Para Sanar Toda e Qualquer D\u00favida que Surgir. Fale Conosco por Onde Preferir!\" \/>\n<meta property=\"og:url\" content=\"https:\/\/ecomparabrisas.com.br\/?page_id=130\" \/>\n<meta property=\"article:publisher\" content=\"https:\/\/www.facebook.com\/ecomparabrisas\" \/>\n<meta property=\"article:modified_time\" content=\"2023-03-03T13:49:52+00:00\" \/>\n<meta name=\"twitter:card\" content=\"summary_large_image\" \/>\n<meta name=\"twitter:label1\" content=\"Est. tempo de leitura\" \/>\n\t<meta name=\"twitter:data1\" content=\"1 minuto\" \/>\n<script type=\"application\/ld+json\" class=\"yoast-schema-graph\">{\"@context\":\"https:\\\/\\\/schema.org\",\"@graph\":[{\"@type\":[\"WebPage\",\"AboutPage\"],\"@id\":\"https:\\\/\\\/ecomparabrisas.com.br\\\/?page_id=130\",\"url\":\"https:\\\/\\\/ecomparabrisas.com.br\\\/?page_id=130\",\"name\":\"Fale Conosco -\",\"isPartOf\":{\"@id\":\"https:\\\/\\\/ecomparabrisas.com.br\\\/#website\"},\"datePublished\":\"2019-03-06T18:19:55+00:00\",\"dateModified\":\"2023-03-03T13:49:52+00:00\",\"description\":\"Nossa Equipe Esta a Disposi\u00e7\u00e3o Para Sanar Toda e Qualquer D\u00favida que Surgir. Fale Conosco por Onde Preferir!\",\"breadcrumb\":{\"@id\":\"https:\\\/\\\/ecomparabrisas.com.br\\\/?page_id=130#breadcrumb\"},\"inLanguage\":\"pt-BR\",\"potentialAction\":[{\"@type\":\"ReadAction\",\"target\":[\"https:\\\/\\\/ecomparabrisas.com.br\\\/?page_id=130\"]}]},{\"@type\":\"BreadcrumbList\",\"@id\":\"https:\\\/\\\/ecomparabrisas.com.br\\\/?page_id=130#breadcrumb\",\"itemListElement\":[{\"@type\":\"ListItem\",\"position\":1,\"name\":\"Home\",\"item\":\"https:\\\/\\\/ecomparabrisas.com.br\\\/\"},{\"@type\":\"ListItem\",\"position\":2,\"name\":\"Fale Conosco\"}]},{\"@type\":\"WebSite\",\"@id\":\"https:\\\/\\\/ecomparabrisas.com.br\\\/#website\",\"url\":\"https:\\\/\\\/ecomparabrisas.com.br\\\/\",\"name\":\"\",\"description\":\"\",\"publisher\":{\"@id\":\"https:\\\/\\\/ecomparabrisas.com.br\\\/#organization\"},\"potentialAction\":[{\"@type\":\"SearchAction\",\"target\":{\"@type\":\"EntryPoint\",\"urlTemplate\":\"https:\\\/\\\/ecomparabrisas.com.br\\\/?s={search_term_string}\"},\"query-input\":{\"@type\":\"PropertyValueSpecification\",\"valueRequired\":true,\"valueName\":\"search_term_string\"}}],\"inLanguage\":\"pt-BR\"},{\"@type\":\"Organization\",\"@id\":\"https:\\\/\\\/ecomparabrisas.com.br\\\/#organization\",\"name\":\"ecom parabrisas\",\"url\":\"https:\\\/\\\/ecomparabrisas.com.br\\\/\",\"logo\":{\"@type\":\"ImageObject\",\"inLanguage\":\"pt-BR\",\"@id\":\"https:\\\/\\\/ecomparabrisas.com.br\\\/#\\\/schema\\\/logo\\\/image\\\/\",\"url\":\"https:\\\/\\\/ecomparabrisas.com.br\\\/wp-content\\\/uploads\\\/2021\\\/05\\\/cropped-logo-horizontal-png.png\",\"contentUrl\":\"https:\\\/\\\/ecomparabrisas.com.br\\\/wp-content\\\/uploads\\\/2021\\\/05\\\/cropped-logo-horizontal-png.png\",\"width\":949,\"height\":256,\"caption\":\"ecom parabrisas\"},\"image\":{\"@id\":\"https:\\\/\\\/ecomparabrisas.com.br\\\/#\\\/schema\\\/logo\\\/image\\\/\"},\"sameAs\":[\"https:\\\/\\\/www.facebook.com\\\/ecomparabrisas\",\"https:\\\/\\\/www.instagram.com\\\/\"]}]}<\/script>\n<!-- \/ Yoast SEO plugin. -->","yoast_head_json":{"title":"Fale Conosco -","description":"Nossa Equipe Esta a Disposi\u00e7\u00e3o Para Sanar Toda e Qualquer D\u00favida que Surgir. Fale Conosco por Onde Preferir!","robots":{"index":"index","follow":"follow","max-snippet":"max-snippet:-1","max-image-preview":"max-image-preview:large","max-video-preview":"max-video-preview:-1"},"canonical":"https:\/\/ecomparabrisas.com.br\/?page_id=130","og_locale":"pt_BR","og_type":"article","og_title":"Fale Conosco -","og_description":"Nossa Equipe Esta a Disposi\u00e7\u00e3o Para Sanar Toda e Qualquer D\u00favida que Surgir. Fale Conosco por Onde Preferir!","og_url":"https:\/\/ecomparabrisas.com.br\/?page_id=130","article_publisher":"https:\/\/www.facebook.com\/ecomparabrisas","article_modified_time":"2023-03-03T13:49:52+00:00","twitter_card":"summary_large_image","twitter_misc":{"Est. tempo de leitura":"1 minuto"},"schema":{"@context":"https:\/\/schema.org","@graph":[{"@type":["WebPage","AboutPage"],"@id":"https:\/\/ecomparabrisas.com.br\/?page_id=130","url":"https:\/\/ecomparabrisas.com.br\/?page_id=130","name":"Fale Conosco -","isPartOf":{"@id":"https:\/\/ecomparabrisas.com.br\/#website"},"datePublished":"2019-03-06T18:19:55+00:00","dateModified":"2023-03-03T13:49:52+00:00","description":"Nossa Equipe Esta a Disposi\u00e7\u00e3o Para Sanar Toda e Qualquer D\u00favida que Surgir. Fale Conosco por Onde Preferir!","breadcrumb":{"@id":"https:\/\/ecomparabrisas.com.br\/?page_id=130#breadcrumb"},"inLanguage":"pt-BR","potentialAction":[{"@type":"ReadAction","target":["https:\/\/ecomparabrisas.com.br\/?page_id=130"]}]},{"@type":"BreadcrumbList","@id":"https:\/\/ecomparabrisas.com.br\/?page_id=130#breadcrumb","itemListElement":[{"@type":"ListItem","position":1,"name":"Home","item":"https:\/\/ecomparabrisas.com.br\/"},{"@type":"ListItem","position":2,"name":"Fale Conosco"}]},{"@type":"WebSite","@id":"https:\/\/ecomparabrisas.com.br\/#website","url":"https:\/\/ecomparabrisas.com.br\/","name":"","description":"","publisher":{"@id":"https:\/\/ecomparabrisas.com.br\/#organization"},"potentialAction":[{"@type":"SearchAction","target":{"@type":"EntryPoint","urlTemplate":"https:\/\/ecomparabrisas.com.br\/?s={search_term_string}"},"query-input":{"@type":"PropertyValueSpecification","valueRequired":true,"valueName":"search_term_string"}}],"inLanguage":"pt-BR"},{"@type":"Organization","@id":"https:\/\/ecomparabrisas.com.br\/#organization","name":"ecom parabrisas","url":"https:\/\/ecomparabrisas.com.br\/","logo":{"@type":"ImageObject","inLanguage":"pt-BR","@id":"https:\/\/ecomparabrisas.com.br\/#\/schema\/logo\/image\/","url":"https:\/\/ecomparabrisas.com.br\/wp-content\/uploads\/2021\/05\/cropped-logo-horizontal-png.png","contentUrl":"https:\/\/ecomparabrisas.com.br\/wp-content\/uploads\/2021\/05\/cropped-logo-horizontal-png.png","width":949,"height":256,"caption":"ecom parabrisas"},"image":{"@id":"https:\/\/ecomparabrisas.com.br\/#\/schema\/logo\/image\/"},"sameAs":["https:\/\/www.facebook.com\/ecomparabrisas","https:\/\/www.instagram.com\/"]}]}},"_links":{"self":[{"href":"https:\/\/ecomparabrisas.com.br\/index.php?rest_route=\/wp\/v2\/pages\/130","targetHints":{"allow":["GET"]}}],"collection":[{"href":"https:\/\/ecomparabrisas.com.br\/index.php?rest_route=\/wp\/v2\/pages"}],"about":[{"href":"https:\/\/ecomparabrisas.com.br\/index.php?rest_route=\/wp\/v2\/types\/page"}],"author":[{"embeddable":true,"href":"https:\/\/ecomparabrisas.com.br\/index.php?rest_route=\/wp\/v2\/users\/1"}],"replies":[{"embeddable":true,"href":"https:\/\/ecomparabrisas.com.br\/index.php?rest_route=%2Fwp%2Fv2%2Fcomments&post=130"}],"version-history":[{"count":93,"href":"https:\/\/ecomparabrisas.com.br\/index.php?rest_route=\/wp\/v2\/pages\/130\/revisions"}],"predecessor-version":[{"id":1261,"href":"https:\/\/ecomparabrisas.com.br\/index.php?rest_route=\/wp\/v2\/pages\/130\/revisions\/1261"}],"wp:attachment":[{"href":"https:\/\/ecomparabrisas.com.br\/index.php?rest_route=%2Fwp%2Fv2%2Fmedia&parent=130"}],"curies":[{"name":"wp","href":"https:\/\/api.w.org\/{rel}","templated":true}]}}